{"id":476,"date":"2015-04-19T08:15:34","date_gmt":"2015-04-19T08:15:34","guid":{"rendered":"https:\/\/emmks.ee\/seltsist-2\/"},"modified":"2019-01-18T15:12:59","modified_gmt":"2019-01-18T15:12:59","slug":"seltsist","status":"publish","type":"page","link":"https:\/\/emmks.ee\/ru\/seltsist\/","title":{"rendered":"Eesti Manuaalse Meditsiini ja Kiropraktika Selts"},"content":{"rendered":"<p style=\"text-align: center;\"><strong>PANGE TERVISEKONVERENTSI AEG\u00a0KIRJA JA VAIM VALMIS! <\/strong><\/p>\n<p style=\"text-align: center;\"><strong>29. m\u00e4rtsil 2019 toimub Tallinnas\u00a0<\/strong><\/p>\n<p style=\"text-align: center;\"><strong>Eesti Manuaalse Meditsiini ja Kiropraktika Seltsi IV konverents <\/strong><\/p>\n<p style=\"text-align: center;\"><strong>&#171;Tehnoloogiad teraapias&#187;<\/strong><\/p>\n<p>Teemad: f\u00fc\u00fcsikalise ravi otstarve, m\u00fcotonomeetri uuemad arengud ja praktiline kasutamine, kiirendusplaatide kasutamine teraapias, nimme- ja vaagnapiirkonna r\u00f6ntgenpiltide t\u00f5lgendamine, trigeenikas ja tursete korral kasutatavad abivahendid, laseri ja magneti m\u00f5ju ja otstarve teraapias. Eelregistreerimine 21. jaanuarist aadressil:\u00a0<a href=\"http:\/\/tervisekonverentsid.ee\/\" target=\"_blank\">http:\/\/tervisekonverentsid.ee\/<\/a><br \/>\nSoodushind Eesti F\u00fcsioterapeutide Seltsi ja EMMKS liikmetele.<\/p>\n<p><strong>Eesti Manuaalse Meditsiini ja Kiropraktika Seltsi<\/strong> (EMMKS) liikmeskond otsib tervishoiu vallas v\u00f5imalusi \u00fcleminekuks haigusele keskendumisest tervise s\u00e4ilitamisele. Sellisel \u00fcleminekul on rahva tervisele positiivsed tagaj\u00e4rjed, mis t\u00e4hendaks haigestumuse ja tervishoiukulude m\u00e4rkimisv\u00e4\u00e4rset v\u00e4henemist, t\u00f6\u00f6v\u00f5ime kasvu ning elanikkonna pikaealisuse kasvu. Seltsi nimetuses on eraldi esile toodud kiropraktika, sest see on maailma mastaabis osat\u00e4htsuselt teisel kohal esmatasandi tervishoius ja kiirelt kasvav raviviis ka Eestis, seet\u00f5ttu peame vajalikuks kiropraktika r\u00f5hutamist seltsi nimes.<\/p>\n<p><strong>Missioon: <\/strong><br \/>\n\u2022 propageerida ja arendada manuaalset meditsiini kui filosoofiat, teadust ja oskust lokaliseerida ja korrigeerida n\u00e4rvi l\u00e4bilaskvuse h\u00e4ireid selgroo pingekolletes ja teistes liigend\u00fchendustes. Manuaalmeditsiinis ei kasutata \u00fcldjuhul ravimeid ega kirurgilist sekkumist<br \/>\n\u2022 koost\u00f6\u00f6 esmatasandi meditsiiniga ja eriarstidega, et leida patsiendi jaoks k\u00f5ige paremini t\u00f6\u00f6tav lahendus<br \/>\n\u2022 \u00e4ratada teaduslikku huvi manuaalse meditsiini ja manuaalteraapiate arendamise vastu liikmeskonna hulgas ning levitada \u00fchiskonnas asjakohast informatsiooni.<br \/>\n<strong>Visioon: <\/strong><br \/>\n\u2022 olla v\u00f5rdv\u00e4\u00e4rsed partnerid teiste erialade arstidega tervishoidu puudutavate otsuste tegemisel<br \/>\n\u2022 olla usaldusv\u00e4\u00e4rsed &#8212; manuaalterapeutide teenuseid kasutatakse laialdaselt t\u00e4nu nende ainulaadsele\u00a0 individuaalsele l\u00e4henemisviisile ravis, t\u00f5husale ja kiirele esmase abi andmise oskusele ning t\u00e4helepanuv\u00e4\u00e4rsele vilumusele patsiendiga suhtlemisel<br \/>\n\u2022 Eesti tervishoid on patsiendikeskne, tervisele orienteeritud, tulemustele suunatud ning kindlatel v\u00e4\u00e4rtustel p\u00f5hinev, igal Eesti elanikul peab olema k\u00e4ttesaadav igak\u00fclgne informatsioon talle vajalikest manuaalmeditsiini protseduuridest ja p\u00f5hjendatud vajadusel ka riiklik rahastus<br \/>\n\u2022 Eesti tervishoius on olulisele kohale t\u00f5usnud ennetusmeditsiin, mille seas on olulisel kohal manuaalmeditsiini protseduurid.<\/p>\n<p>EMMKSi all\u00fcksustena loodud ka <strong>Eesti Kiropraktik Arstide Liit<\/strong> (EKAL) ja <strong>Eesti Osteopaatia Liit <\/strong>(EOL) eesm\u00e4rgiga t\u00f6\u00f6tada v\u00e4lja erialased standardid ja k\u00e4ivitada vastavate ametite litsentseerimise s\u00fcsteem, mis vastaks rahvusvahelistele ja Euroopa standarditele.<br \/>\nSeltside eesm\u00e4rk on kutsuda kokku eksamineerimisn\u00f5ukogud, t\u00f6\u00f6tada v\u00e4lja ja reguleerida manuaalmeditsiinis ja -teraapiates rakendatavad standardid ja eetikakoodeksid.<\/p>\n","protected":false},"excerpt":{"rendered":"<p>PANGE TERVISEKONVERENTSI AEG\u00a0KIRJA JA VAIM VALMIS! 29. m\u00e4rtsil 2019 toimub Tallinnas\u00a0 Eesti Manuaalse Meditsiini ja Kiropraktika Seltsi IV konverents &#171;Tehnoloogiad teraapias&#187; Teemad: f\u00fc\u00fcsikalise ravi otstarve, m\u00fcotonomeetri uuemad arengud ja praktiline kasutamine, kiirendusplaatide kasutamine teraapias, nimme- ja vaagnapiirkonna r\u00f6ntgenpiltide t\u00f5lgendamine, trigeenikas ja tursete korral kasutatavad abivahendid, laseri ja magneti m\u00f5ju ja otstarve teraapias. Eelregistreerimine 21. jaanuarist [&hellip;]<\/p>\n","protected":false},"author":1,"featured_media":0,"parent":0,"menu_order":0,"comment_status":"open","ping_status":"open","template":"","meta":{"_acf_changed":false,"footnotes":""},"class_list":["post-476","page","type-page","status-publish","hentry"],"acf":[],"yoast_head":"<!-- This site is optimized with the Yoast SEO plugin v26.6 - https:\/\/yoast.com\/wordpress\/plugins\/seo\/ -->\n<title>Eesti manuaalse meditsiini ja kiropraktika selts<\/title>\n<meta name=\"description\" content=\"Eesti Manuaalse Meditsiini ja Kiropraktika Seltsi (EMMKS) liikmeskond otsib tervishoiu vallas v\u00f5imalusi \u00fcleminekuks haigusele keskendumisest tervise s\u00e4ilitamisele.\" \/>\n<meta name=\"robots\" content=\"index, follow, max-snippet:-1, max-image-preview:large, max-video-preview:-1\" \/>\n<link rel=\"canonical\" href=\"https:\/\/emmks.ee\/ru\/seltsist\/\" \/>\n<meta property=\"og:locale\" content=\"ru_RU\" \/>\n<meta property=\"og:type\" content=\"article\" \/>\n<meta property=\"og:title\" content=\"Eesti manuaalse meditsiini ja kiropraktika selts\" \/>\n<meta property=\"og:description\" content=\"Eesti Manuaalse Meditsiini ja Kiropraktika Seltsi (EMMKS) liikmeskond otsib tervishoiu vallas v\u00f5imalusi \u00fcleminekuks haigusele keskendumisest tervise s\u00e4ilitamisele.\" \/>\n<meta property=\"og:url\" content=\"https:\/\/emmks.ee\/ru\/seltsist\/\" \/>\n<meta property=\"og:site_name\" content=\"Eesti manuaalse meditsiini ja kiropraktika selts\" \/>\n<meta property=\"article:modified_time\" content=\"2019-01-18T15:12:59+00:00\" \/>\n<meta name=\"twitter:label1\" content=\"\u041f\u0440\u0438\u043c\u0435\u0440\u043d\u043e\u0435 \u0432\u0440\u0435\u043c\u044f \u0434\u043b\u044f \u0447\u0442\u0435\u043d\u0438\u044f\" \/>\n\t<meta name=\"twitter:data1\" content=\"2 \u043c\u0438\u043d\u0443\u0442\u044b\" \/>\n<script type=\"application\/ld+json\" class=\"yoast-schema-graph\">{\"@context\":\"https:\/\/schema.org\",\"@graph\":[{\"@type\":\"WebPage\",\"@id\":\"https:\/\/emmks.ee\/ru\/seltsist\/\",\"url\":\"https:\/\/emmks.ee\/ru\/seltsist\/\",\"name\":\"Eesti manuaalse meditsiini ja kiropraktika selts\",\"isPartOf\":{\"@id\":\"https:\/\/emmks.ee\/#website\"},\"datePublished\":\"2015-04-19T08:15:34+00:00\",\"dateModified\":\"2019-01-18T15:12:59+00:00\",\"description\":\"Eesti Manuaalse Meditsiini ja Kiropraktika Seltsi (EMMKS) liikmeskond otsib tervishoiu vallas v\u00f5imalusi \u00fcleminekuks haigusele keskendumisest tervise s\u00e4ilitamisele.\",\"breadcrumb\":{\"@id\":\"https:\/\/emmks.ee\/ru\/seltsist\/#breadcrumb\"},\"inLanguage\":\"ru-RU\",\"potentialAction\":[{\"@type\":\"ReadAction\",\"target\":[\"https:\/\/emmks.ee\/ru\/seltsist\/\"]}]},{\"@type\":\"BreadcrumbList\",\"@id\":\"https:\/\/emmks.ee\/ru\/seltsist\/#breadcrumb\",\"itemListElement\":[{\"@type\":\"ListItem\",\"position\":1,\"name\":\"Home\",\"item\":\"https:\/\/emmks.ee\/\"},{\"@type\":\"ListItem\",\"position\":2,\"name\":\"Eesti Manuaalse Meditsiini ja Kiropraktika Selts\"}]},{\"@type\":\"WebSite\",\"@id\":\"https:\/\/emmks.ee\/#website\",\"url\":\"https:\/\/emmks.ee\/\",\"name\":\"Eesti manuaalse meditsiini ja kiropraktika selts\",\"description\":\"Just another WordPress site\",\"potentialAction\":[{\"@type\":\"SearchAction\",\"target\":{\"@type\":\"EntryPoint\",\"urlTemplate\":\"https:\/\/emmks.ee\/?s={search_term_string}\"},\"query-input\":{\"@type\":\"PropertyValueSpecification\",\"valueRequired\":true,\"valueName\":\"search_term_string\"}}],\"inLanguage\":\"ru-RU\"}]}<\/script>\n<!-- \/ Yoast SEO plugin. -->","yoast_head_json":{"title":"Eesti manuaalse meditsiini ja kiropraktika selts","description":"Eesti Manuaalse Meditsiini ja Kiropraktika Seltsi (EMMKS) liikmeskond otsib tervishoiu vallas v\u00f5imalusi \u00fcleminekuks haigusele keskendumisest tervise s\u00e4ilitamisele.","robots":{"index":"index","follow":"follow","max-snippet":"max-snippet:-1","max-image-preview":"max-image-preview:large","max-video-preview":"max-video-preview:-1"},"canonical":"https:\/\/emmks.ee\/ru\/seltsist\/","og_locale":"ru_RU","og_type":"article","og_title":"Eesti manuaalse meditsiini ja kiropraktika selts","og_description":"Eesti Manuaalse Meditsiini ja Kiropraktika Seltsi (EMMKS) liikmeskond otsib tervishoiu vallas v\u00f5imalusi \u00fcleminekuks haigusele keskendumisest tervise s\u00e4ilitamisele.","og_url":"https:\/\/emmks.ee\/ru\/seltsist\/","og_site_name":"Eesti manuaalse meditsiini ja kiropraktika selts","article_modified_time":"2019-01-18T15:12:59+00:00","twitter_misc":{"\u041f\u0440\u0438\u043c\u0435\u0440\u043d\u043e\u0435 \u0432\u0440\u0435\u043c\u044f \u0434\u043b\u044f \u0447\u0442\u0435\u043d\u0438\u044f":"2 \u043c\u0438\u043d\u0443\u0442\u044b"},"schema":{"@context":"https:\/\/schema.org","@graph":[{"@type":"WebPage","@id":"https:\/\/emmks.ee\/ru\/seltsist\/","url":"https:\/\/emmks.ee\/ru\/seltsist\/","name":"Eesti manuaalse meditsiini ja kiropraktika selts","isPartOf":{"@id":"https:\/\/emmks.ee\/#website"},"datePublished":"2015-04-19T08:15:34+00:00","dateModified":"2019-01-18T15:12:59+00:00","description":"Eesti Manuaalse Meditsiini ja Kiropraktika Seltsi (EMMKS) liikmeskond otsib tervishoiu vallas v\u00f5imalusi \u00fcleminekuks haigusele keskendumisest tervise s\u00e4ilitamisele.","breadcrumb":{"@id":"https:\/\/emmks.ee\/ru\/seltsist\/#breadcrumb"},"inLanguage":"ru-RU","potentialAction":[{"@type":"ReadAction","target":["https:\/\/emmks.ee\/ru\/seltsist\/"]}]},{"@type":"BreadcrumbList","@id":"https:\/\/emmks.ee\/ru\/seltsist\/#breadcrumb","itemListElement":[{"@type":"ListItem","position":1,"name":"Home","item":"https:\/\/emmks.ee\/"},{"@type":"ListItem","position":2,"name":"Eesti Manuaalse Meditsiini ja Kiropraktika Selts"}]},{"@type":"WebSite","@id":"https:\/\/emmks.ee\/#website","url":"https:\/\/emmks.ee\/","name":"Eesti manuaalse meditsiini ja kiropraktika selts","description":"Just another WordPress site","potentialAction":[{"@type":"SearchAction","target":{"@type":"EntryPoint","urlTemplate":"https:\/\/emmks.ee\/?s={search_term_string}"},"query-input":{"@type":"PropertyValueSpecification","valueRequired":true,"valueName":"search_term_string"}}],"inLanguage":"ru-RU"}]}},"_links":{"self":[{"href":"https:\/\/emmks.ee\/ru\/wp-json\/wp\/v2\/pages\/476","targetHints":{"allow":["GET"]}}],"collection":[{"href":"https:\/\/emmks.ee\/ru\/wp-json\/wp\/v2\/pages"}],"about":[{"href":"https:\/\/emmks.ee\/ru\/wp-json\/wp\/v2\/types\/page"}],"author":[{"embeddable":true,"href":"https:\/\/emmks.ee\/ru\/wp-json\/wp\/v2\/users\/1"}],"replies":[{"embeddable":true,"href":"https:\/\/emmks.ee\/ru\/wp-json\/wp\/v2\/comments?post=476"}],"version-history":[{"count":0,"href":"https:\/\/emmks.ee\/ru\/wp-json\/wp\/v2\/pages\/476\/revisions"}],"wp:attachment":[{"href":"https:\/\/emmks.ee\/ru\/wp-json\/wp\/v2\/media?parent=476"}],"curies":[{"name":"wp","href":"https:\/\/api.w.org\/{rel}","templated":true}]}}