{"id":48,"date":"2015-04-19T09:59:07","date_gmt":"2015-04-19T09:59:07","guid":{"rendered":"https:\/\/emmks.ee\/?page_id=48"},"modified":"2018-01-31T15:17:27","modified_gmt":"2018-01-31T15:17:27","slug":"sundmuste-kalender","status":"publish","type":"page","link":"https:\/\/emmks.ee\/ru\/seltsist\/sundmuste-kalender\/","title":{"rendered":"S\u00fcndmuste kalender"},"content":{"rendered":"<section class=\"av_textblock_section \"  itemscope=\"itemscope\" itemtype=\"https:\/\/schema.org\/CreativeWork\" ><div class='avia_textblock  '   itemprop=\"text\" ><h3 style=\"padding-left: 30px;\"><span style=\"color: #993300;\"><strong>2018<\/strong><\/span><\/h3>\n<p><strong>APRILL<\/strong><\/p>\n<p>20. aprillil toimub Tallinnas EMMKSi III tervisekonverents. Teemad: valu varjatud p\u00f5hjused, vaagna ja alaj\u00e4semete n\u00e4rvikompressioonid jm omavahelised seosed, sidekoeteraapiad ja liigesed, ps\u00fchhosomaatika, erapraksise \u00fclesehitamine, koost\u00f6\u00f6 allopaatilise meditsiiniga<\/p>\n<p>19.-21. aprillil toimub Rootsis Aronborgi konverentsihotellis ja naprapaatia k\u00f5rgkoolis <strong>manuaalmeditsiini foorum<\/strong> (FOMM &#8212; Forum of Manual Medicine) teemal &#171;Kognitiivne manuaalmeditsiin &#8212; tuleviku kombinatsioon?&#187; (vt http:\/\/www.naprapater.se\/en\/fomm\/fomm-2018).<\/p>\n<p><strong>JUUNI<\/strong><\/p>\n<p>1.-3. juunil toimub Hispaanias Madriidi Kaunite Kunstide Keskuses rahvusvaheline osteopaatia s\u00fcmpoosium, kus tutvustatakse uusimaid osteopaatia-alaseid uuringuid. Lisaks loengutele toimuvad praktilised t\u00f6\u00f6toad, mida viivad l\u00e4bi loengutes somaatiliste valude ja vistseraalsete kudede neuraalse kontrolli alaseid uuringuid tutvustanud arstid. Loenguid on v\u00f5imalik j\u00e4lgida ka Streamingu kaudu \u00fcle interneti. L\u00e4hem info: www.osteopatas.org<\/p>\n<p>8.-10. juunil toimub Tallinnas Venemaa Meditsiinilise ja Sotsiaalse Rehabilitatsiooni Akadeemia seminar &#171;&#187;\u00dcla- ja alaj\u00e4semete m\u00fcofastsiaalsed liinid&#187;. Lektor neuroloog ja manuaalterapeut Vladimir Lavrenov. T\u00e4psem info: 56202631, medkinesiology@gmail.com<\/p>\n<p>16.-23. juunil toimuvad Maltal 39ndad meedikute spordi- ja tervisem\u00e4ngud MediGames ning spordimeditsiini s\u00fcmpoosium. L\u00e4hem info\u00a0http:\/\/www.medigames.com\/?lang=en#<\/p>\n<p><strong>JUULI<\/strong><\/p>\n<p>27.-29. juulil USAs Bostonis Harvardi\u00a0\u00dclikooli Meditsiiniteaduskonna\u00a0konverents\u00a0&#171;<strong>Liikumine ja\u00a0tunnetus<\/strong>&#187; (vt l\u00e4hemalt\u00a0http:\/\/www.movementis.com\/<strong>)<\/strong><\/p>\n<\/div><\/section>\n<section class=\"av_textblock_section \"  itemscope=\"itemscope\" itemtype=\"https:\/\/schema.org\/CreativeWork\" ><div class='avia_textblock  '   itemprop=\"text\" ><\/div><\/section>\n","protected":false},"excerpt":{"rendered":"","protected":false},"author":1,"featured_media":0,"parent":476,"menu_order":5,"comment_status":"open","ping_status":"open","template":"","meta":{"_acf_changed":false,"footnotes":""},"class_list":["post-48","page","type-page","status-publish","hentry"],"acf":[],"yoast_head":"<!-- This site is optimized with the Yoast SEO plugin v26.6 - https:\/\/yoast.com\/wordpress\/plugins\/seo\/ -->\n<title>S\u00fcndmuste kalender - Eesti manuaalse meditsiini ja kiropraktika selts<\/title>\n<meta name=\"robots\" content=\"index, follow, max-snippet:-1, max-image-preview:large, max-video-preview:-1\" \/>\n<link rel=\"canonical\" href=\"https:\/\/emmks.ee\/ru\/seltsist\/sundmuste-kalender\/\" \/>\n<meta property=\"og:locale\" content=\"ru_RU\" \/>\n<meta property=\"og:type\" content=\"article\" \/>\n<meta property=\"og:title\" content=\"S\u00fcndmuste kalender - Eesti manuaalse meditsiini ja kiropraktika selts\" \/>\n<meta property=\"og:url\" content=\"https:\/\/emmks.ee\/ru\/seltsist\/sundmuste-kalender\/\" \/>\n<meta property=\"og:site_name\" content=\"Eesti manuaalse meditsiini ja kiropraktika selts\" \/>\n<meta property=\"article:modified_time\" content=\"2018-01-31T15:17:27+00:00\" \/>\n<meta name=\"twitter:label1\" content=\"\u041f\u0440\u0438\u043c\u0435\u0440\u043d\u043e\u0435 \u0432\u0440\u0435\u043c\u044f \u0434\u043b\u044f \u0447\u0442\u0435\u043d\u0438\u044f\" \/>\n\t<meta name=\"twitter:data1\" content=\"1 \u043c\u0438\u043d\u0443\u0442\u0430\" \/>\n<script type=\"application\/ld+json\" class=\"yoast-schema-graph\">{\"@context\":\"https:\/\/schema.org\",\"@graph\":[{\"@type\":\"WebPage\",\"@id\":\"https:\/\/emmks.ee\/ru\/seltsist\/sundmuste-kalender\/\",\"url\":\"https:\/\/emmks.ee\/ru\/seltsist\/sundmuste-kalender\/\",\"name\":\"S\u00fcndmuste kalender - Eesti manuaalse meditsiini ja kiropraktika selts\",\"isPartOf\":{\"@id\":\"https:\/\/emmks.ee\/#website\"},\"datePublished\":\"2015-04-19T09:59:07+00:00\",\"dateModified\":\"2018-01-31T15:17:27+00:00\",\"breadcrumb\":{\"@id\":\"https:\/\/emmks.ee\/ru\/seltsist\/sundmuste-kalender\/#breadcrumb\"},\"inLanguage\":\"ru-RU\",\"potentialAction\":[{\"@type\":\"ReadAction\",\"target\":[\"https:\/\/emmks.ee\/ru\/seltsist\/sundmuste-kalender\/\"]}]},{\"@type\":\"BreadcrumbList\",\"@id\":\"https:\/\/emmks.ee\/ru\/seltsist\/sundmuste-kalender\/#breadcrumb\",\"itemListElement\":[{\"@type\":\"ListItem\",\"position\":1,\"name\":\"Home\",\"item\":\"https:\/\/emmks.ee\/\"},{\"@type\":\"ListItem\",\"position\":2,\"name\":\"Eesti Manuaalse Meditsiini ja Kiropraktika Selts\",\"item\":\"https:\/\/emmks.ee\/ru\/seltsist\/\"},{\"@type\":\"ListItem\",\"position\":3,\"name\":\"S\u00fcndmuste kalender\"}]},{\"@type\":\"WebSite\",\"@id\":\"https:\/\/emmks.ee\/#website\",\"url\":\"https:\/\/emmks.ee\/\",\"name\":\"Eesti manuaalse meditsiini ja kiropraktika selts\",\"description\":\"Just another WordPress site\",\"potentialAction\":[{\"@type\":\"SearchAction\",\"target\":{\"@type\":\"EntryPoint\",\"urlTemplate\":\"https:\/\/emmks.ee\/?s={search_term_string}\"},\"query-input\":{\"@type\":\"PropertyValueSpecification\",\"valueRequired\":true,\"valueName\":\"search_term_string\"}}],\"inLanguage\":\"ru-RU\"}]}<\/script>\n<!-- \/ Yoast SEO plugin. -->","yoast_head_json":{"title":"S\u00fcndmuste kalender - Eesti manuaalse meditsiini ja kiropraktika selts","robots":{"index":"index","follow":"follow","max-snippet":"max-snippet:-1","max-image-preview":"max-image-preview:large","max-video-preview":"max-video-preview:-1"},"canonical":"https:\/\/emmks.ee\/ru\/seltsist\/sundmuste-kalender\/","og_locale":"ru_RU","og_type":"article","og_title":"S\u00fcndmuste kalender - Eesti manuaalse meditsiini ja kiropraktika selts","og_url":"https:\/\/emmks.ee\/ru\/seltsist\/sundmuste-kalender\/","og_site_name":"Eesti manuaalse meditsiini ja kiropraktika selts","article_modified_time":"2018-01-31T15:17:27+00:00","twitter_misc":{"\u041f\u0440\u0438\u043c\u0435\u0440\u043d\u043e\u0435 \u0432\u0440\u0435\u043c\u044f \u0434\u043b\u044f \u0447\u0442\u0435\u043d\u0438\u044f":"1 \u043c\u0438\u043d\u0443\u0442\u0430"},"schema":{"@context":"https:\/\/schema.org","@graph":[{"@type":"WebPage","@id":"https:\/\/emmks.ee\/ru\/seltsist\/sundmuste-kalender\/","url":"https:\/\/emmks.ee\/ru\/seltsist\/sundmuste-kalender\/","name":"S\u00fcndmuste kalender - Eesti manuaalse meditsiini ja kiropraktika selts","isPartOf":{"@id":"https:\/\/emmks.ee\/#website"},"datePublished":"2015-04-19T09:59:07+00:00","dateModified":"2018-01-31T15:17:27+00:00","breadcrumb":{"@id":"https:\/\/emmks.ee\/ru\/seltsist\/sundmuste-kalender\/#breadcrumb"},"inLanguage":"ru-RU","potentialAction":[{"@type":"ReadAction","target":["https:\/\/emmks.ee\/ru\/seltsist\/sundmuste-kalender\/"]}]},{"@type":"BreadcrumbList","@id":"https:\/\/emmks.ee\/ru\/seltsist\/sundmuste-kalender\/#breadcrumb","itemListElement":[{"@type":"ListItem","position":1,"name":"Home","item":"https:\/\/emmks.ee\/"},{"@type":"ListItem","position":2,"name":"Eesti Manuaalse Meditsiini ja Kiropraktika Selts","item":"https:\/\/emmks.ee\/ru\/seltsist\/"},{"@type":"ListItem","position":3,"name":"S\u00fcndmuste kalender"}]},{"@type":"WebSite","@id":"https:\/\/emmks.ee\/#website","url":"https:\/\/emmks.ee\/","name":"Eesti manuaalse meditsiini ja kiropraktika selts","description":"Just another WordPress site","potentialAction":[{"@type":"SearchAction","target":{"@type":"EntryPoint","urlTemplate":"https:\/\/emmks.ee\/?s={search_term_string}"},"query-input":{"@type":"PropertyValueSpecification","valueRequired":true,"valueName":"search_term_string"}}],"inLanguage":"ru-RU"}]}},"_links":{"self":[{"href":"https:\/\/emmks.ee\/ru\/wp-json\/wp\/v2\/pages\/48","targetHints":{"allow":["GET"]}}],"collection":[{"href":"https:\/\/emmks.ee\/ru\/wp-json\/wp\/v2\/pages"}],"about":[{"href":"https:\/\/emmks.ee\/ru\/wp-json\/wp\/v2\/types\/page"}],"author":[{"embeddable":true,"href":"https:\/\/emmks.ee\/ru\/wp-json\/wp\/v2\/users\/1"}],"replies":[{"embeddable":true,"href":"https:\/\/emmks.ee\/ru\/wp-json\/wp\/v2\/comments?post=48"}],"version-history":[{"count":0,"href":"https:\/\/emmks.ee\/ru\/wp-json\/wp\/v2\/pages\/48\/revisions"}],"up":[{"embeddable":true,"href":"https:\/\/emmks.ee\/ru\/wp-json\/wp\/v2\/pages\/476"}],"wp:attachment":[{"href":"https:\/\/emmks.ee\/ru\/wp-json\/wp\/v2\/media?parent=48"}],"curies":[{"name":"wp","href":"https:\/\/api.w.org\/{rel}","templated":true}]}}